   {"id":17371,"date":"2023-08-09T05:02:09","date_gmt":"2023-08-09T05:02:09","guid":{"rendered":"https:\/\/ideas-ncbr.pl\/business\/oferty-pracy\/"},"modified":"2023-09-15T13:24:05","modified_gmt":"2023-09-15T13:24:05","slug":"job-offers","status":"publish","type":"page","link":"https:\/\/ideas-ncbr.pl\/en\/business\/job-offers\/","title":{"rendered":"Job offers"},"content":{"rendered":"\n\n  <form action=\"\" id=\"cat_filter_form\" >\n    <div class=\"form_event\">\n<div class=\"five\">\n<input type=\"text\" class=\"form-control\" id=\"key\" name=\"key\" value=\"\" placeholder=\"Enter the name of the job offer\">\n\n<\/div>\n<div class=\"six\">\n  <div class=\"input-group\">\n    <input type=\"text\" name=\"appdate\" id=\"appdate\" class=\"form-control form-control1 datepicker\" placeholder=\"Application date by\">\n    <span class=\"input-group-text\" id=\"basic-addon1\"><img decoding=\"async\" src=\"https:\/\/ideas-ncbr.pl\/wp-content\/themes\/ncbr\/images\/calendar.svg\" alt=\"\"><\/span>\n  <\/div>\n <\/div> \n<div class=\"six\">\n<select class=\"form-select\" name=\"grupy\" id=\"grupy\" aria-label=\"Grupy: wszystkie\">\n  <option value=\"\">Groups: all<\/option>\n   \n  <option value=\"25476\">Uczenie ci\u0105g\u0142e w sieciach neuronowych z wykorzystaniem oblicze\u0144 warunkowych<\/option>\n   \n  <option value=\"25473\">Zapobieganie zapominaniu w uczeniu ci\u0105g\u0142ym z wykorzystaniem metod zespo\u0142owych<\/option>\n   \n  <option value=\"25363\">Research<\/option>\n  \n<\/select>\n\n            \n    \n  <\/div>\n<div class=\"six\">\n<select class=\"form-select\" name=\"tryb\" id=\"tryb\" aria-label=\"Tryb: wszystkie\">\n  <option value=\"\">Working mode: all<\/option>\n  <option value=\"Praca hybrydowa\" >Hybrid work<\/option>\n  <option value=\"Praca zdalna\" >Remote work<\/option>\n  <option value=\"Praca w biurze\" >Office work<\/option>\n<\/select>\n<\/div>\n\n<div class=\"six\">\n<select class=\"form-select\"  name=\"etat\" id=\"etat\" aria-label=\"Pe\u0142ny etat\">\n<option value=\"\">position: all<\/option>\n  <option value=\"Pe\u0142ny etat\" >Full-time job<\/option>\n  <option value=\"P\u00f3\u0142 etatu\" >Part-time job<\/option>\n  <option value=\"Sta\u017c\" >Internship<\/option>\n\n<\/select>\n<\/div>\n\n<div class=\"four\">\n<div class=\"event_search\">\n<button type=\"submit\">\nSearch <img decoding=\"async\" src=\"https:\/\/ideas-ncbr.pl\/wp-content\/themes\/ncbr\/images\/ban_arrow.svg\" class=\"ban_arrow\" alt=\"\"><\/button>\n<\/div>\n<\/div>\n\n<div class=\"clr\"><\/div><\/div>\n\n  <\/form>\n\n  \n  <h2>No search results. try again<\/h2>\n  ","protected":false},"excerpt":{"rendered":"<p>If you want to join our team and work together on IDEAS that matter, apply today!<\/p>\n","protected":false},"author":27,"featured_media":0,"parent":16342,"menu_order":7,"comment_status":"closed","ping_status":"closed","template":"page-templates\/template-sub-page.php","meta":{"_acf_changed":false,"inline_featured_image":false,"footnotes":"","_links_to":"","_links_to_target":""},"class_list":["post-17371","page","type-page","status-publish","hentry"],"acf":[],"_links":{"self":[{"href":"https:\/\/ideas-ncbr.pl\/en\/wp-json\/wp\/v2\/pages\/17371","targetHints":{"allow":["GET"]}}],"collection":[{"href":"https:\/\/ideas-ncbr.pl\/en\/wp-json\/wp\/v2\/pages"}],"about":[{"href":"https:\/\/ideas-ncbr.pl\/en\/wp-json\/wp\/v2\/types\/page"}],"author":[{"embeddable":true,"href":"https:\/\/ideas-ncbr.pl\/en\/wp-json\/wp\/v2\/users\/27"}],"replies":[{"embeddable":true,"href":"https:\/\/ideas-ncbr.pl\/en\/wp-json\/wp\/v2\/comments?post=17371"}],"version-history":[{"count":3,"href":"https:\/\/ideas-ncbr.pl\/en\/wp-json\/wp\/v2\/pages\/17371\/revisions"}],"predecessor-version":[{"id":17719,"href":"https:\/\/ideas-ncbr.pl\/en\/wp-json\/wp\/v2\/pages\/17371\/revisions\/17719"}],"up":[{"embeddable":true,"href":"https:\/\/ideas-ncbr.pl\/en\/wp-json\/wp\/v2\/pages\/16342"}],"wp:attachment":[{"href":"https:\/\/ideas-ncbr.pl\/en\/wp-json\/wp\/v2\/media?parent=17371"}],"curies":[{"name":"wp","href":"https:\/\/api.w.org\/{rel}","templated":true}]}}