   {"id":14407,"date":"2023-08-16T14:04:21","date_gmt":"2023-08-16T14:04:21","guid":{"rendered":"https:\/\/ideas-ncbr.pl\/terms-and-conditions\/"},"modified":"2023-08-23T09:50:35","modified_gmt":"2023-08-23T09:50:35","slug":"terms-and-conditions","status":"publish","type":"page","link":"https:\/\/ideas-ncbr.pl\/en\/terms-and-conditions\/","title":{"rendered":"TERMS AND CONDITIONS"},"content":{"rendered":"\n<h2 class=\"wp-block-heading has-text-align-center\">TERMS AND CONDITIONS OF WEB SERVICES OF<\/h2>\n\n<h2 class=\"wp-block-heading has-text-align-center\">IDEAS NCBR SP. Z O.O.<\/h2>\n\n<h2 class=\"wp-block-heading has-text-align-center\">(HEREINAFTER: REGULATIONS)<\/h2>\n\n<hr class=\"wp-block-separator has-alpha-channel-opacity\"\/>\n\n<p class=\"has-text-align-center\"><strong>I<\/strong><\/p>\n\n<p class=\"has-text-align-center\"><strong>General provisions<\/strong><\/p>\n\n<ol class=\"wp-block-list\">\n<li>In accordance with the requirements of the Act on the provision of electronic services, IDEAS NCBR SP. Z O.O. with headquarters in Warsaw at ul. Chmielna 69, 00-801 Warsaw, hereinafter referred to as the \u201cService Provider\u201d, establishes these Regulations for the provision of electronic services.<\/li>\n\n\n\n<li>These Regulations define the rules and technical conditions for the provision of electronic services by the Service Provider via the Website.<\/li>\n\n\n\n<li>Enabling the use of the Website is a Service provided electronically by the Service Provider within the meaning of the Act on the provision of electronic services under the contract concluded between the Service Provider and the User and on the basis of the Regulations.<\/li>\n\n\n\n<li>Each User is required to read these Regulations before using the Website. The commencement of using the Services is tantamount to full acceptance of the terms of these Regulations.<\/li>\n\n\n\n<li>These Regulations are made available free of charge via the Website, in a form that allows it to be downloaded, saved and printed.<\/li>\n\n\n\n<li>Each User is obliged to comply with the provisions of the Regulations from the moment of taking steps to use the services provided through the Website.<\/li>\n\n\n\n<li>Each User is obliged to comply with the prohibition of providing illegal content.<\/li>\n<\/ol>\n\n<p class=\"has-text-align-center\"><strong>II<\/strong><\/p>\n\n<p class=\"has-text-align-center\"><strong>Definitions<\/strong><\/p>\n\n<figure class=\"wp-block-table is-style-stripes\"><table class=\"has-white-background-color has-background\"><tbody><tr><td>User<\/td><td>an entity (a natural person, legal person or other entity without legal personality) using services provided electronically via the website <a href=\"http:\/\/www.ideas-ncbr.pl\/\">www.ideas-ncbr.pl<\/a><\/td><\/tr><tr><td>Service Provider<\/td><td>IDEAS NCBR sp. z o.o. with its registered office in Warsaw at ul. ul. Chmielna 69, 00-801 Warsaw, entered under the number KRS 0000880113 to the register of entrepreneurs of the National Court Register kept by the District Court for the capital city of Warsaw in Warsaw, 12th Commercial Division of the National Court Register, NIP: 7011017605, share capital in the amount of PLN 3,000,000.00, being the owner of the website <a href=\"http:\/\/www.ideas-ncbr.pl\/\">www.ideas-ncbr.pl<\/a><\/td><\/tr><tr><td>Website<\/td><td>website available at <a href=\"http:\/\/www.ideas-ncbr.pl\/\">www.ideas-ncbr.pl<\/a> run by the Service Provider<\/td><\/tr><tr><td>Services<\/td><td>the service provided by the Service Provider via the website <a href=\"http:\/\/www.ideas-ncbr.pl\/\">www.ideas-ncbr.pl<\/a> in accordance with these regulations<\/td><\/tr><tr><td>Regulations<\/td><td>these terms and conditions together with any appendices which expressly refer to them<\/td><\/tr><tr><td>Consumer<\/td><td>a natural person who performs a legal transaction with an entrepreneur (service provider) not directly related to its business activity<\/td><\/tr><tr><td>ICT system<\/td><td>a system of cooperating IT devices and software, ensuring processing and storage, as well as sending and receiving data via telecommunications networks using a terminal device appropriate for a given type of network<\/td><\/tr><tr><td>Contact form<\/td><td>a form provided by the Service Provider in an electronic form, available at: www.ideas-ncbr.pl through which users can contact the Service Provider<\/td><\/tr><\/tbody><\/table><\/figure>\n\n<p class=\"has-text-align-center\"><strong>III<\/strong><\/p>\n\n<p class=\"has-text-align-center\"><strong>Type and scope of services provided electronically<\/strong><\/p>\n\n<p>The service provider provides services via the website consisting of:<\/p>\n\n<ol class=\"wp-block-list\">\n<li>free publishing on the website<\/li>\n\n\n\n<li>free viewing and reading of materials (information, photos, data, descriptions) posted on the website by Users,<\/li>\n\n\n\n<li>transferring data at your request (using the forms provided) to contact the Service Provider.<\/li>\n<\/ol>\n\n<p class=\"has-text-align-center\"><strong>IV<\/strong><\/p>\n\n<p class=\"has-text-align-center\"><strong>Technical requirements<\/strong><\/p>\n\n<ol class=\"wp-block-list\">\n<li>W&nbsp;celu prawid\u0142owego i&nbsp;pe\u0142nego korzystania z&nbsp;Us\u0142ug \u015bwiadczonych przez&nbsp;Us\u0142ugodawc\u0119 za&nbsp;po\u015brednictwem strony www U\u017cytkownicy powinni dysponowa\u0107:\n<ol class=\"wp-block-list\">\n<li>a device with access to the Internet,<\/li>\n\n\n\n<li>a web browser of at least Internet Explorer 11 or Chrome 39 or FireFox 34 or Opera 26 or Safari 5 or newer, which supports cookie technologies; Java Script, and SSL,<\/li>\n\n\n\n<li>an active e-mail account (e-mail),<\/li>\n\n\n\n<li>When using the Website, we recommend that you have up-to-date anti-virus software.<\/li>\n<\/ol>\n<\/li>\n\n\n\n<li>The user whose IT system does not meet the specified requirements has no right to pursue claims due to the inability to use the website.<\/li>\n\n\n\n<li>The website uses cookies, detailed information on this subject can be found in the Cookies Policy.<\/li>\n<\/ol>\n\n<p class=\"has-text-align-center\"><strong>V<\/strong><\/p>\n\n<p class=\"has-text-align-center\"><strong>Ways to use the website<\/strong><\/p>\n\n<ol class=\"wp-block-list\">\n<li>Korzystaj\u0105c z&nbsp;naszej strony www mo\u017cesz:\n<ol class=\"wp-block-list\">\n<li>use the materials available on our website only for personal use,<\/li>\n\n\n\n<li>use only in a manner consistent with the law, the provisions of these Regulations and morality, respecting intellectual property rights,<\/li>\n\n\n\n<li>to contact the Service Provider via the website<\/li>\n<\/ol>\n<\/li>\n<\/ol>\n\n<ol class=\"wp-block-list\" start=\"3\">\n<li>Korzystaj\u0105c z&nbsp;naszej strony www nie&nbsp;mo\u017cesz:\n<ol class=\"wp-block-list\" start=\"2\">\n<li>use the content available on the website for commercial purposes, in particular by copying in whole or in part, electronically transmitting or otherwise modifying or using without our prior written consent,<\/li>\n\n\n\n<li>provide illegal content,<\/li>\n\n\n\n<li>use our website in a way that violates the rights of other people,<\/li>\n\n\n\n<li>use devices, mechanisms, software or other scripts that could interfere with the operation of our website, this also applies to sending files infected with viruses,<\/li>\n\n\n\n<li>take actions that would unreasonably or excessively burden the infrastructure of our website,<\/li>\n\n\n\n<li>block, overwrite or modify the content generated by us,<\/li>\n\n\n\n<li>gain, or attempt to gain, unauthorized access to any of our networks in any way,<\/li>\n\n\n\n<li>interfere with the operation of the website in any other way.<\/li>\n<\/ol>\n<\/li>\n\n\n\n<li>The website is the subject of intellectual property rights, therefore you are obliged not to infringe these rights.<\/li>\n<\/ol>\n\n<p class=\"has-text-align-center\"><strong>VI<\/strong><\/p>\n\n<p class=\"has-text-align-center\"><strong>Obligations of the Service Provider<\/strong><\/p>\n\n<ol class=\"wp-block-list\">\n<li>Access to the services provided by the Service Provider via the website is available to all website users.<\/li>\n\n\n\n<li>To use the services provided by the Service Provider, it is not required to set up a User account.<\/li>\n\n\n\n<li>The service provider provides access to services provided electronically, which means that he will make every effort to ensure that the website functions continuously. The Service Provider reserves that there may be interruptions in the functioning of the website in order to update data, correct errors and perform other maintenance works, as well as for other reasons beyond the Service Provider\u2019s control (such as force majeure, actions or omissions of third parties for which the Service Provider is not responsible, etc.) \u2013 about which, as far as technically possible, it will inform Users in an accessible way, in particular by posting a message on the website.<\/li>\n<\/ol>\n\n<p class=\"has-text-align-center\"><strong>VII<\/strong><\/p>\n\n<p class=\"has-text-align-center\"><strong>Information sources available on the website<\/strong><\/p>\n\n<p>At <a href=\"http:\/\/www.ideas-ncbr.pl\/\">www.ideas-ncbr.pl<\/a> you will find:<\/p>\n\n<ol class=\"wp-block-list\">\n<li>Content belonging to us (including, but not limited to, documents, trademarks and other works, in particular texts, photos, graphics, audio and video materials),<\/li>\n\n\n\n<li>Content belonging to third parties (including photos, product descriptions),<\/li>\n\n\n\n<li>Links or hyperlinks to external websites not operated by us,<\/li>\n\n\n\n<li>Links or links to external social networking sites.<\/li>\n<\/ol>\n\n<p class=\"has-text-align-center\"><strong>VIII<\/strong><\/p>\n\n<p class=\"has-text-align-center\"><strong>Copyright<\/strong><\/p>\n\n<ol class=\"wp-block-list\">\n<li>The Service Provider stipulates that all materials available on the website (in particular graphics, texts, photos) and not coming from the User are protected by the Act on Copyright and Related Rights. The User has the right to use them only within the permitted personal use. Copying, distributing on the Internet and other forms of using the materials posted on the website beyond the limits permitted by law is prohibited.<\/li>\n\n\n\n<li>In each case where the Information or photo constitutes a work within the meaning of the Act on Copyright and Related Rights, the User grants the Service Provider a free license to use this work in the following fields of use: in terms of disseminating the work \u2013 public performance, exhibition, display, playback and broadcasting and rebroadcasting, as well as making the work available to the public in such a way that everyone can have access to it in a place and time chosen by them.<\/li>\n\n\n\n<li>The license referred to in paragraph 2 above is granted when the Information is sent to the Service Provider for publication on the website \u2013 text, photos or photos, for the entire period of the Service Provider\u2019s provision of services.<\/li>\n\n\n\n<li>The User allows the Service Provider to exercise the derivative copyright to the work, i.e. in particular to modify it, shorten it and make editorial changes to it, with the right to further grant such permission, as well as to include content from the User in the work or to include the work or its part in other works, without copyright supervision on the part of the User \u2013 to the extent described above.<\/li>\n<\/ol>\n\n<p class=\"has-text-align-center\"><strong>IX<\/strong><\/p>\n\n<p class=\"has-text-align-center\"><strong>(The Service)<\/strong><\/p>\n\n<p class=\"has-text-align-center\"><strong>X<\/strong><\/p>\n\n<p class=\"has-text-align-center\"><strong>Complaints<\/strong><\/p>\n\n<ol class=\"wp-block-list\">\n<li>Wszelkie uwagi, komentarze oraz&nbsp;pytania dotycz\u0105ce dzia\u0142ania strony www mo\u017cesz kierowa\u0107:\n<ol class=\"wp-block-list\">\n<li>in writing \u2013 by mail to the address: IDEAS NCBR Sp. z o.o., ul. Chmielna 69, 00-801 Warsaw<\/li>\n\n\n\n<li>orally \u2013 by telephone by calling the number: 539 698 327<\/li>\n\n\n\n<li>electronically \u2013 by sending an e-mail to: biuro@ideas-ncbr.pl<\/li>\n<\/ol>\n<\/li>\n\n\n\n<li>We consider the submitted complaints immediately no later than 30 days from the date of its receipt, while in particularly complicated cases, preventing the consideration of the complaint and responding to it within 30 days, we will inform you about the expected date of response, which may not, however, exceed 60 days from the date of receipt, in the case of the User \u2013 a natural person or a natural person running a business, and in the case of a User other than a natural person or a natural person running a business, this period may not exceed 90 days from the date of receipt of the complaint.<\/li>\n\n\n\n<li>We will send a response to the complaint in paper form or, if you have submitted such a request, by means of another medium, in particular by e-mail or in another agreed form.<\/li>\n\n\n\n<li>U\u017cytkownik b\u0119d\u0105cy Konsumentem posiada nast\u0119puj\u0105ce przyk\u0142adowe mo\u017cliwo\u015bci skorzystania z&nbsp;pozas\u0105dowych sposob\u00f3w rozpatrywania reklamacji i&nbsp;dochodzenia roszcze\u0144:\n<ol class=\"wp-block-list\">\n<li>The User is entitled to apply to a permanent amicable consumer court, referred to in Article 37 of the Act of 15 December 2000 on the Trade Inspection (Journal of Laws of 2001, No. 4, item 25, as amended), with a request to resolve the dispute arising from the concluded contract for the provision of Services,<\/li>\n\n\n\n<li>The User is entitled to apply to the provincial inspector of the Trade Inspection, in accordance with Article 36 of the Act of December 15, 2000 on the Trade Inspection (Journal of Laws 2001, No. 4, item 25, as amended), with a request to initiate mediation proceedings on amicable settlement of the dispute between the User and the Service Provider,<\/li>\n\n\n\n<li>The User may obtain free assistance in resolving a dispute between him and the Service Provider, also using the free assistance of a Poviat (municipal) consumer ombudsman or a social organization whose statutory tasks include consumer protection (including the Consumer Federation, Association of Polish Consumers),<\/li>\n\n\n\n<li>at the address: http:\/\/ec.europa.eu\/consumers\/odr there is an online platform for resolving disputes between consumers and entrepreneurs at the EU level (ODR platform). The ODR platform is an interactive and multilingual website with a one-stop shop for consumers and entrepreneurs seeking out-of-court settlement of a dispute regarding contractual obligations arising from an online sales contract or contract for the provision of services.<\/li>\n<\/ol>\n<\/li>\n\n\n\n<li>Regardless of the complaint procedure described above, you have the right to bring an action to the competent common court at any time.<\/li>\n<\/ol>\n\n<p class=\"has-text-align-center\"><strong>XI<\/strong><\/p>\n\n<p class=\"has-text-align-center\"><strong>Liability<\/strong><\/p>\n\n<ol class=\"wp-block-list\">\n<li>The use of the Website is solely at the expense and risk of the User.<\/li>\n\n\n\n<li>The Service Provider\u2019s liability for non-performance or improper performance of the Service Provision Agreement is limited to the actual losses documented by the User, excluding lost profits.<\/li>\n\n\n\n<li>Us\u0142ugodawca nie&nbsp;ponosi odpowiedzialno\u015bci za:\n<ol class=\"wp-block-list\">\n<li>damages resulting from the use of the website by Users in a manner inconsistent with the law or the Regulations, in particular for the disclosure of personal data,<\/li>\n\n\n\n<li>damages resulting from the User\u2019s use of data and information from the website for economic, investment, business, etc. purposes,<\/li>\n\n\n\n<li>damage caused by the disclosure of personal data in accordance with the Regulations or generally applicable law,<\/li>\n\n\n\n<li>damage caused by external factors (e.g. cable, hardware, software failure) or other reasons beyond the Service Provider\u2019s control,<\/li>\n\n\n\n<li>the content of information and photos posted on the website by Users.<\/li>\n<\/ol>\n<\/li>\n\n\n\n<li>The Service Provider reserves that all content on the website is for informational or promotional purposes only and may not be treated in a legally binding manner between the Service Provider and the User.<\/li>\n<\/ol>\n\n<p class=\"has-text-align-center\"><strong>XII<\/strong><\/p>\n\n<p class=\"has-text-align-center\"><strong>Termination of the contract for the provision of services<\/strong><\/p>\n\n<ol class=\"wp-block-list\">\n<li>The contract for the provision of free Services provided by the Service Provider is terminated as a result of the User ceasing to use the website or with the expiry of the period of publication of the Information.<\/li>\n<\/ol>\n\n<p class=\"has-text-align-center\"><strong>XIII<\/strong><\/p>\n\n<p class=\"has-text-align-center\"><strong>Processing of personal data<\/strong><\/p>\n\n<ol class=\"wp-block-list\">\n<li>By using the services, we process users\u2019 personal data for the purpose and scope of providing the services to the user.<\/li>\n\n\n\n<li>The administrator of Users\u2019 personal data is IDEAS NCBR Sp. z o. o.o.<\/li>\n\n\n\n<li>Contact details to the Administrator:<\/li>\n<\/ol>\n\n<figure class=\"wp-block-table is-style-stripes\"><table><tbody><tr><td>Correspondence address<\/td><td>Phone number<\/td><td>E-mail<\/td><\/tr><tr><td>ul. Chmielna 69, 00-801 Warsaw<\/td><td>539 698 327<\/td><td>biuro@ideas-ncbr.pl<\/td><\/tr><\/tbody><\/table><\/figure>\n\n<ol class=\"wp-block-list\" start=\"4\">\n<li>Detailed information on the processing of personal data can be found in the privacy policy.<\/li>\n<\/ol>\n\n<p class=\"has-text-align-center\"><strong>XIV<\/strong><\/p>\n\n<p class=\"has-text-align-center\"><strong>Final Provisions<\/strong><\/p>\n\n<ol class=\"wp-block-list\">\n<li>The Service Provider has the right to unilaterally amend the Regulations. Amendments to the Regulations come into force after 14 days from the publication of the amended Regulations on the website.<\/li>\n\n\n\n<li>The Service Provider will notify Users about the change in the Regulations by sending appropriate information to their e-mail addresses.<\/li>\n\n\n\n<li>If the User does not accept the new content of the Regulations, he is obliged to notify the Service Provider of this fact before the Regulations enter into force.<\/li>\n\n\n\n<li>Lack of acceptance of the new version of the Regulations effects the need to remove all information provided by the User.<\/li>\n\n\n\n<li>Failure of the User to notify the Service Provider about the lack of its acceptance prior to the entry into force of the Regulations shall be deemed as acceptance of the changes to the Regulations.<\/li>\n\n\n\n<li>The content of the Regulations may be recorded by printing, saving on a carrier or downloading at any time from the website.<\/li>\n\n\n\n<li>In the event of a dispute, the parties will endeavour to resolve it amicably.<\/li>\n\n\n\n<li>If it is not possible to resolve the dispute amicably, it will be submitted to a competent common court for resolution.<\/li>\n\n\n\n<li>The law applicable to all disputes is Polish law.<\/li>\n\n\n\n<li>In matters not covered by these Regulations, generally applicable provisions of Polish law shall apply.<\/li>\n<\/ol>\n","protected":false},"excerpt":{"rendered":"<p>TERMS AND CONDITIONS OF WEB SERVICES OF IDEAS NCBR SP. Z O.O. (HEREINAFTER: REGULATIONS) I General provisions II Definitions User an entity (a natural person, legal person or other entity without legal personality) using services provided electronically via the website www.ideas-ncbr.pl Service Provider IDEAS NCBR sp. z o.o. with its registered office in Warsaw at [&hellip;]<\/p>\n","protected":false},"author":27,"featured_media":0,"parent":0,"menu_order":0,"comment_status":"closed","ping_status":"open","template":"page-templates\/template-sub-page.php","meta":{"_acf_changed":false,"inline_featured_image":false,"footnotes":"","_links_to":"","_links_to_target":""},"class_list":["post-14407","page","type-page","status-publish","hentry"],"acf":[],"_links":{"self":[{"href":"https:\/\/ideas-ncbr.pl\/en\/wp-json\/wp\/v2\/pages\/14407","targetHints":{"allow":["GET"]}}],"collection":[{"href":"https:\/\/ideas-ncbr.pl\/en\/wp-json\/wp\/v2\/pages"}],"about":[{"href":"https:\/\/ideas-ncbr.pl\/en\/wp-json\/wp\/v2\/types\/page"}],"author":[{"embeddable":true,"href":"https:\/\/ideas-ncbr.pl\/en\/wp-json\/wp\/v2\/users\/27"}],"replies":[{"embeddable":true,"href":"https:\/\/ideas-ncbr.pl\/en\/wp-json\/wp\/v2\/comments?post=14407"}],"version-history":[{"count":3,"href":"https:\/\/ideas-ncbr.pl\/en\/wp-json\/wp\/v2\/pages\/14407\/revisions"}],"predecessor-version":[{"id":14410,"href":"https:\/\/ideas-ncbr.pl\/en\/wp-json\/wp\/v2\/pages\/14407\/revisions\/14410"}],"wp:attachment":[{"href":"https:\/\/ideas-ncbr.pl\/en\/wp-json\/wp\/v2\/media?parent=14407"}],"curies":[{"name":"wp","href":"https:\/\/api.w.org\/{rel}","templated":true}]}}